{"id":2557,"date":"2020-03-03T12:23:03","date_gmt":"2020-03-03T12:23:03","guid":{"rendered":"http:\/\/play.yass.ro\/uzuc\/politica-de-confidentialitate\/"},"modified":"2020-10-22T17:27:42","modified_gmt":"2020-10-22T14:27:42","slug":"politica-de-confidentialitate","status":"publish","type":"page","link":"https:\/\/uzuc.ro\/en\/politica-de-confidentialitate\/","title":{"rendered":"Politica de confidentialitate"},"content":{"rendered":"\r\n<p>UZUC SA este operator de date cu caracter personal si se supune legisla\u021biei europene \u0219i na\u021bionale privind protec\u021bia datelor cu caracter personal precum \u0219i Regulamentului UE 679\/2016 (GDPR) aplicabil \u00eencep\u00e2nd cu 25 mai 2018.<\/p>\r\n\r\n\r\n\r\n<p><strong><em>Ce sunt datele personale?<\/em><\/strong><\/p>\r\n\r\n\r\n\r\n<p>Semnifica\u021bia &#8220;datelor cu caracter personal&#8221; este definit\u0103 \u00een Regulamentul general privind protec\u021bia datelor 679\/2016 (GDPR). Conform noului regulament, datele personale includ toate informa\u021biile care se refer\u0103 la o persoan\u0103 fizic\u0103 identificat\u0103 sau identificabil\u0103. Aceasta poate include, de exemplu, numele dumneavoastr\u0103 legal, adresa dumneavoastr\u0103, num\u0103rul dumneavoastr\u0103 de telefon sau data na\u0219terii. Chiar \u0219i informa\u021biile despre modul \u00een care pute\u021bi utiliza acest site sau alte site-uri web pot con\u021bine date personale.<\/p>\r\n\r\n\r\n\r\n<p><strong><em>Cookies<\/em><\/strong><\/p>\r\n\r\n\r\n\r\n<p>Fi\u0219ierele cookie sunt fi\u0219iere text mici stocate pe computerul dumneavoastr\u0103 c\u00e2nd vizita\u021bi site-ul nostru web \u0219i prin ele ne permite\u021bi s\u0103 colect\u0103m informa\u021bii utile despre dumneavoastr\u0103 \u0219i s\u0103 v\u0103 oferim o experien\u021b\u0103 c\u00e2t mai bun\u0103 \u00een utilizarea site-ului nostru. Cookie-urile stocheaz\u0103 informa\u021bii cum ar fi setarea limbii dumneavoastr\u0103, durata vizitei pe site-ul nostru sau informa\u021biile pe care le introduce\u021bi pe site.<\/p>\r\n\r\n\r\n\r\n<p>Exist\u0103 diferite tipuri de cookie-uri. <em>Cookie-urile pentru sesiuni<\/em> sunt cookie-uri temporare care sunt stocate \u00een browser-ul de internet al utilizatorului p\u00e2n\u0103 c\u00e2nd fereastra browser-ului este \u00eenchis\u0103 \u0219i \u0219terge\u021bi cookie-urile de sesiune. <em>Cookie-urile permanente<\/em> sunt utilizate pentru vizite repetate \u0219i stocate \u00een browser-ul utilizatorului pentru o perioad\u0103 predefinit\u0103. Filtrele primare sunt setate de site-ul pe care \u00eel viziteaz\u0103 utilizatorul. Numai acest site poate citi informa\u021bii din cookie-uri. Cookie-urile utilizate de ter\u021be p\u0103r\u021bi (cookies third party) sunt stabilite de organiza\u021bii care nu sunt operatori ai site-ului pe care le viziteaz\u0103 utilizatorul. Aceste cookie-uri sunt folosite de companiile de marketing, de exemplu.<\/p>\r\n\r\n\r\n\r\n<p>Acest site utilizeaz\u0103 cookie-urile care efectueaz\u0103 patru func\u021bii, astfel cum sunt clasificate mai jos:<\/p>\r\n\r\n\r\n\r\n<ul class=\"wp-block-list\"><li>Cookie-urile esen\u021biale \/ strict necesare, care sunt obligatorii pentru func\u021bionarea site-ului web.<\/li><li>Cookie-uri de performan\u021b\u0103, care ne ajut\u0103 s\u0103 m\u0103suram performan\u021ba site-ului \u0219i s\u0103 ne \u00eembun\u0103t\u0103\u021bim experien\u021ba. \u00cen utilizarea cookie-urilor de performan\u021b\u0103 nu stoc\u0103m date personale \u0219i folosim doar informa\u021biile colectate prin aceste cookie-uri \u00een form\u0103 agregat\u0103 \u0219i anonim\u0103;<\/li><li>Cookie-uri de func\u021bionalitate, care ne permit s\u0103 \u00eembun\u0103t\u0103\u021bim experien\u021ba dvs. (de exemplu, amintindu-v\u0103 de set\u0103rile pe care le-a\u021bi selectat);<\/li><li>Cookie-uri de publicitate \/ direc\u021bionare, pe care le folosim pentru a urm\u0103ri activitatea \u0219i sesiunile utilizatorilor, astfel \u00eenc\u00e2t s\u0103 putem oferi un serviciu mai personalizat \u0219i (\u00een cazul cookie-urilor publicitare) stabilite de ter\u021be p\u0103r\u021bi cu care execut\u0103m campanii publicitare \u0219i ne permite s\u0103 furniza\u021bi anun\u021buri relevante pentru dvs.; \u0219i<\/li><li>Fi\u0219iere cookie pentru mass-media sociale, care v\u0103 permit s\u0103 partaja\u021bi con\u021binut pe canalele media sociale, cum ar fi Facebook \u0219i Twitter.<\/li><\/ul>\r\n\r\n\r\n\r\n<p>Cookie-urile utilizate pe acest site sunt:<\/p>\r\n\r\n\r\n\r\n<p>Baz\u0103 legal\u0103: Articolul 6.1 lit. f) GDPR ofer\u0103 baza legal\u0103 pentru implementarea cookie-urilor.<\/p>\r\n\r\n\r\n\r\n<p>Interesele legitime: Utiliz\u0103m cookie-uri pentru a func\u021biona corespunz\u0103tor site-ul nostru web, pentru a oferi func\u021bionalit\u0103\u021bi de baz\u0103 \u0219i a adapta site-ul nostru la zonele de interes preferate. Acesta este, de asemenea, interesul legitim \u00een prelucrarea datelor \u00een sensul articolului 6.1 lit. f) GDPR.<\/p>\r\n\r\n\r\n\r\n<p><strong>Important:<\/strong> Pute\u021bi \u0219terge oric\u00e2nd cookie-urile deja stocate pe dispozitivul dvs. final. Dac\u0103 dori\u021bi s\u0103 evita\u021bi instalarea modulelor cookie, pute\u021bi refuza s\u0103 accepta\u021bi cookie-urile \u00een browserul dvs. Verifica\u021bi manualul de navigare pentru a vedea cum func\u021bioneaz\u0103 \u00een detaliu.<\/p>\r\n\r\n\r\n\r\n<p><strong><em>Trimiterea unei solicit\u0103ri prin intermediul site-ului nostru<\/em><\/strong><\/p>\r\n\r\n\r\n\r\n<p>C\u00e2nd ne trimite\u021bi un mesaj prin sec\u021biunea &#8220;Contact&#8221; de pe acest site, v\u0103 solicit\u0103m numele dumneavoastr\u0103 \u0219i adresa de e-mail. Utiliz\u0103m aceste informa\u021bii pentru a r\u0103spunde solicit\u0103rilor dumneavoastr\u0103, inclusiv pentru furnizarea de informa\u021bii despre serviciile noastre. Putem s\u0103 v\u0103 trimitem un e-mail de mai mult ori dup\u0103 ce a\u021bi f\u0103cut o solicitare, pentru a ne asigura c\u0103 am r\u0103spuns la \u00eentrebarea dumneavoastr\u0103. \u0219i pentru a \u00eembun\u0103t\u0103\u021bi experien\u021ba utilizatorilor no\u0219tri.<\/p>\r\n\r\n\r\n\r\n<p>Solicitarea dumneavoastr\u0103 este stocat\u0103 \u0219i procesat\u0103 \u00eentr-o baz\u0103 de date securizat\u0103 \u0219i la care are acces doar responsabilul cu gestionarea site-ului.<\/p>\r\n\r\n\r\n\r\n<p>Nu folosim informa\u021biile furnizate de dumneavoastr\u0103 pentru a lua decizii automate care ar putea s\u0103 v\u0103 afecteze.<\/p>\r\n\r\n\r\n\r\n<p>Men\u021binem e-mailurile venite din solicit\u0103ri numai pentru timpul necesar pentru a v\u0103 satisface cererea.<\/p>\r\n\r\n\r\n\r\n<p>Informa\u021biile sensibile nu sunt solicitate prin acest site. Informa\u021biile sensibile includ date referitoare la: ras\u0103 sau origine etnic\u0103; opiniile politice; religioase sau alte convingeri similare; fizic\u0103 sau psihic\u0103; orientarea sexual\u0103 sau cazierul judiciar.<\/p>\r\n\r\n\r\n\r\n<p><strong><em>Drepturile dvs. ca persoan\u0103 vizat\u0103<\/em><\/strong><\/p>\r\n\r\n\r\n\r\n<p>Ne pute\u021bi \u00eentreba ce informa\u021bii avem despre dumneavoastr\u0103 \u0219i ne pute\u021bi cere s\u0103 le corect\u0103m dac\u0103 sunt inexacte. Dac\u0103 v-am cerut consim\u021b\u0103m\u00e2ntul pentru a procesa datele personale, pute\u021bi retrage acest consim\u021b\u0103m\u00e2nt \u00een orice moment.<\/p>\r\n\r\n\r\n\r\n<p>Dac\u0103 prelucr\u0103m datele dumneavoastr\u0103 personale pentru a \u00eendeplini un contract sau \u00een temeiul consim\u021b\u0103m\u00e2ntului, pute\u021bi s\u0103 ne cere\u021bi s\u0103 v\u0103 oferim o copie a informa\u021biilor \u00eentr-un format care s\u0103 poat\u0103 fi citit, astfel \u00eenc\u00e2t s\u0103 \u00eel pute\u021bi transfera altui furnizor.<\/p>\r\n\r\n\r\n\r\n<p>Dac\u0103 prelucr\u0103m datele dumneavoastr\u0103 personale pe baz\u0103 de consim\u021b\u0103m\u00e2nt sau \u00een interes legitim, pute\u021bi solicita \u0219tergerea datelor dumneavoastr\u0103.<\/p>\r\n\r\n\r\n\r\n<p>Ave\u021bi dreptul s\u0103 ne cere\u021bi s\u0103 nu mai folosim informa\u021biile dumneavoastr\u0103 pentru o perioad\u0103 de timp dac\u0103 crede\u021bi c\u0103 nu facem acest lucru \u00een mod legal.<\/p>\r\n\r\n\r\n\r\n<p>\u00cen cele din urm\u0103, \u00een anumite circumstan\u021be, pute\u021bi s\u0103 ne cere\u021bi s\u0103 nu lu\u0103m decizii care s\u0103 v\u0103 afecteze utiliz\u00e2ndu-v\u0103 prelucrarea automatizat\u0103 sau profilarea.<\/p>\r\n\r\n\r\n\r\n<p>Pentru a trimite o solicitare privind datele dvs. personale prin e-mail, po\u0219t\u0103 sau telefon, utiliza\u021bi informa\u021biile de contact furnizate \u00een sec\u021biunea Contact sau \u00een finalul aceastei politici de confiden\u021bialitate.<\/p>\r\n\r\n\r\n\r\n<p><strong><em>Dreptul t\u0103u de a depune pl\u00e2ngere<\/em><\/strong><\/p>\r\n\r\n\r\n\r\n<p>Dac\u0103 ave\u021bi o pl\u00e2ngere cu privire la utilizarea de c\u0103tre dumneavoastr\u0103 a informa\u021biilor dumneavoastr\u0103 v\u0103 rug\u0103m s\u0103 ne contacta\u021bi pentru a putea remedia \u00een mod amiabil cererea. Cu toate acestea, pute\u021bi, de asemenea, s\u0103 contacta\u021bi Autoritatea Na\u0163ional\u0103 de Supraveghere a Prelucr\u0103rii Datelor cu Caracter Personal pentru Informa\u021bii prin intermediul site-ului lor la www.dataprotection.ro sau s\u0103 le scrie\u021bi la adresa: B-dul G-ral. Gheorghe Magheru 28-30, Sector 1, cod po\u0219tal 010336, Bucure\u0219ti, Romania.<\/p>\r\n\r\n\r\n\r\n<p><strong><em>Securitate<\/em><\/strong><\/p>\r\n\r\n\r\n\r\n<p>Standardele acceptate \u00een general de tehnologie \u0219i securitate opera\u021bional\u0103 au fost puse \u00een aplicare pentru a proteja informa\u021biile personale de pierderi, utiliz\u0103ri incorecte, modific\u0103ri sau distrugeri. To\u021bi partenerii, angaja\u021bii \u0219i directorii sunt obliga\u021bi s\u0103 p\u0103streze informa\u021biile personale confiden\u021biale \u0219i s\u0103 aib\u0103 acces la aceste informa\u021bii numai de personal autorizat.<\/p>\r\n\r\n\r\n\r\n<p>V\u0103 rug\u0103m s\u0103 fi\u021bi aten\u021bi atunci c\u00e2nd ne trimite\u021bi informa\u021bii personale. E-mailul nu este un mijloc sigur de transfer de informa\u021bii.<\/p>\r\n\r\n\r\n\r\n<p>Datorit\u0103 naturii deschise a Internetului, nu putem garanta c\u0103 orice informa\u021bie stocat\u0103 pe serverele noastre sau transmis\u0103 c\u0103tre sau de la dumneavoastr\u0103 va fi liber\u0103 de acces neautorizat. Prin utilizarea acestui site, recunoa\u0219te\u021bi c\u0103 \u00een\u021belege\u021bi \u0219i sunte\u021bi de acord s\u0103 v\u0103 asuma\u021bi aceste riscuri.<\/p>\r\n\r\n\r\n\r\n<p><strong><em>Date de contact operator:<\/em><\/strong><\/p>\r\n\r\n\r\n\r\n<p><strong>UZUC SA<\/strong><br><a href=\"https:\/\/www.uzuc.ro\/contact\/\">Contact<\/a><\/p>\r\n\r\n\r\n\r\n<p><strong>\n<button class=\" wpgdprc-consents-settings-link\" data-micromodal-trigger=\"wpgdprc-consent-modal\" >Revizuire setari GDPR<\/button>\n&nbsp;<\/strong><\/p>\r\n","protected":false},"excerpt":{"rendered":"<p>UZUC SA este operator de date cu caracter personal si se supune legisla\u021biei europene \u0219i na\u021bionale privind protec\u021bia datelor cu caracter personal precum \u0219i Regulamentului UE 679\/2016 (GDPR) aplicabil \u00eencep\u00e2nd cu 25 mai 2018. Ce sunt datele personale? Semnifica\u021bia &#8220;datelor cu caracter personal&#8221; este definit\u0103 \u00een Regulamentul general privind protec\u021bia datelor 679\/2016 (GDPR). Conform noului [&hellip;]<\/p>\n","protected":false},"author":5,"featured_media":0,"parent":0,"menu_order":0,"comment_status":"closed","ping_status":"closed","template":"","meta":{"footnotes":""},"class_list":["post-2557","page","type-page","status-publish","hentry"],"yoast_head":"<!-- This site is optimized with the Yoast SEO plugin v25.5 - https:\/\/yoast.com\/wordpress\/plugins\/seo\/ -->\n<title>Politica de confidentialitate - Uzuc<\/title>\n<meta name=\"robots\" content=\"index, follow, max-snippet:-1, max-image-preview:large, max-video-preview:-1\" \/>\n<link rel=\"canonical\" href=\"https:\/\/uzuc.ro\/en\/politica-de-confidentialitate\/\" \/>\n<meta property=\"og:locale\" content=\"en_US\" \/>\n<meta property=\"og:type\" content=\"article\" \/>\n<meta property=\"og:title\" content=\"Politica de confidentialitate - Uzuc\" \/>\n<meta property=\"og:description\" content=\"UZUC SA este operator de date cu caracter personal si se supune legisla\u021biei europene \u0219i na\u021bionale privind protec\u021bia datelor cu caracter personal precum \u0219i Regulamentului UE 679\/2016 (GDPR) aplicabil \u00eencep\u00e2nd cu 25 mai 2018. Ce sunt datele personale? Semnifica\u021bia &#8220;datelor cu caracter personal&#8221; este definit\u0103 \u00een Regulamentul general privind protec\u021bia datelor 679\/2016 (GDPR). Conform noului [&hellip;]\" \/>\n<meta property=\"og:url\" content=\"https:\/\/uzuc.ro\/en\/politica-de-confidentialitate\/\" \/>\n<meta property=\"og:site_name\" content=\"Uzuc\" \/>\n<meta property=\"article:modified_time\" content=\"2020-10-22T14:27:42+00:00\" \/>\n<meta name=\"twitter:label1\" content=\"Est. reading time\" \/>\n\t<meta name=\"twitter:data1\" content=\"6 minutes\" \/>\n<script type=\"application\/ld+json\" class=\"yoast-schema-graph\">{\"@context\":\"https:\/\/schema.org\",\"@graph\":[{\"@type\":\"WebPage\",\"@id\":\"https:\/\/uzuc.ro\/en\/politica-de-confidentialitate\/\",\"url\":\"https:\/\/uzuc.ro\/en\/politica-de-confidentialitate\/\",\"name\":\"Politica de confidentialitate - Uzuc\",\"isPartOf\":{\"@id\":\"https:\/\/uzuc.ro\/en\/#website\"},\"datePublished\":\"2020-03-03T12:23:03+00:00\",\"dateModified\":\"2020-10-22T14:27:42+00:00\",\"breadcrumb\":{\"@id\":\"https:\/\/uzuc.ro\/en\/politica-de-confidentialitate\/#breadcrumb\"},\"inLanguage\":\"en-US\",\"potentialAction\":[{\"@type\":\"ReadAction\",\"target\":[\"https:\/\/uzuc.ro\/en\/politica-de-confidentialitate\/\"]}]},{\"@type\":\"BreadcrumbList\",\"@id\":\"https:\/\/uzuc.ro\/en\/politica-de-confidentialitate\/#breadcrumb\",\"itemListElement\":[{\"@type\":\"ListItem\",\"position\":1,\"name\":\"Prima pagin\u0103\",\"item\":\"https:\/\/uzuc.ro\/en\/acasa\/\"},{\"@type\":\"ListItem\",\"position\":2,\"name\":\"Politica de confidentialitate\"}]},{\"@type\":\"WebSite\",\"@id\":\"https:\/\/uzuc.ro\/en\/#website\",\"url\":\"https:\/\/uzuc.ro\/en\/\",\"name\":\"Uzuc\",\"description\":\"Membra a grupului SCR\",\"potentialAction\":[{\"@type\":\"SearchAction\",\"target\":{\"@type\":\"EntryPoint\",\"urlTemplate\":\"https:\/\/uzuc.ro\/en\/?s={search_term_string}\"},\"query-input\":{\"@type\":\"PropertyValueSpecification\",\"valueRequired\":true,\"valueName\":\"search_term_string\"}}],\"inLanguage\":\"en-US\"}]}<\/script>\n<!-- \/ Yoast SEO plugin. -->","yoast_head_json":{"title":"Politica de confidentialitate - Uzuc","robots":{"index":"index","follow":"follow","max-snippet":"max-snippet:-1","max-image-preview":"max-image-preview:large","max-video-preview":"max-video-preview:-1"},"canonical":"https:\/\/uzuc.ro\/en\/politica-de-confidentialitate\/","og_locale":"en_US","og_type":"article","og_title":"Politica de confidentialitate - Uzuc","og_description":"UZUC SA este operator de date cu caracter personal si se supune legisla\u021biei europene \u0219i na\u021bionale privind protec\u021bia datelor cu caracter personal precum \u0219i Regulamentului UE 679\/2016 (GDPR) aplicabil \u00eencep\u00e2nd cu 25 mai 2018. Ce sunt datele personale? Semnifica\u021bia &#8220;datelor cu caracter personal&#8221; este definit\u0103 \u00een Regulamentul general privind protec\u021bia datelor 679\/2016 (GDPR). Conform noului [&hellip;]","og_url":"https:\/\/uzuc.ro\/en\/politica-de-confidentialitate\/","og_site_name":"Uzuc","article_modified_time":"2020-10-22T14:27:42+00:00","twitter_misc":{"Est. reading time":"6 minutes"},"schema":{"@context":"https:\/\/schema.org","@graph":[{"@type":"WebPage","@id":"https:\/\/uzuc.ro\/en\/politica-de-confidentialitate\/","url":"https:\/\/uzuc.ro\/en\/politica-de-confidentialitate\/","name":"Politica de confidentialitate - Uzuc","isPartOf":{"@id":"https:\/\/uzuc.ro\/en\/#website"},"datePublished":"2020-03-03T12:23:03+00:00","dateModified":"2020-10-22T14:27:42+00:00","breadcrumb":{"@id":"https:\/\/uzuc.ro\/en\/politica-de-confidentialitate\/#breadcrumb"},"inLanguage":"en-US","potentialAction":[{"@type":"ReadAction","target":["https:\/\/uzuc.ro\/en\/politica-de-confidentialitate\/"]}]},{"@type":"BreadcrumbList","@id":"https:\/\/uzuc.ro\/en\/politica-de-confidentialitate\/#breadcrumb","itemListElement":[{"@type":"ListItem","position":1,"name":"Prima pagin\u0103","item":"https:\/\/uzuc.ro\/en\/acasa\/"},{"@type":"ListItem","position":2,"name":"Politica de confidentialitate"}]},{"@type":"WebSite","@id":"https:\/\/uzuc.ro\/en\/#website","url":"https:\/\/uzuc.ro\/en\/","name":"Uzuc","description":"Membra a grupului SCR","potentialAction":[{"@type":"SearchAction","target":{"@type":"EntryPoint","urlTemplate":"https:\/\/uzuc.ro\/en\/?s={search_term_string}"},"query-input":{"@type":"PropertyValueSpecification","valueRequired":true,"valueName":"search_term_string"}}],"inLanguage":"en-US"}]}},"_links":{"self":[{"href":"https:\/\/uzuc.ro\/en\/wp-json\/wp\/v2\/pages\/2557","targetHints":{"allow":["GET"]}}],"collection":[{"href":"https:\/\/uzuc.ro\/en\/wp-json\/wp\/v2\/pages"}],"about":[{"href":"https:\/\/uzuc.ro\/en\/wp-json\/wp\/v2\/types\/page"}],"author":[{"embeddable":true,"href":"https:\/\/uzuc.ro\/en\/wp-json\/wp\/v2\/users\/5"}],"replies":[{"embeddable":true,"href":"https:\/\/uzuc.ro\/en\/wp-json\/wp\/v2\/comments?post=2557"}],"version-history":[{"count":1,"href":"https:\/\/uzuc.ro\/en\/wp-json\/wp\/v2\/pages\/2557\/revisions"}],"predecessor-version":[{"id":2558,"href":"https:\/\/uzuc.ro\/en\/wp-json\/wp\/v2\/pages\/2557\/revisions\/2558"}],"wp:attachment":[{"href":"https:\/\/uzuc.ro\/en\/wp-json\/wp\/v2\/media?parent=2557"}],"curies":[{"name":"wp","href":"https:\/\/api.w.org\/{rel}","templated":true}]}}